{"id":3557,"date":"2025-06-06T09:41:53","date_gmt":"2025-06-06T07:41:53","guid":{"rendered":"https:\/\/ironwarriors.p.lodz.pl\/?page_id=3557"},"modified":"2025-06-06T12:29:08","modified_gmt":"2025-06-06T10:29:08","slug":"nabor-do-projektu-fers","status":"publish","type":"page","link":"https:\/\/ironwarriors.p.lodz.pl\/english\/nabor-do-projektu-fers\/","title":{"rendered":"Nab\u00f3r do projektu FERS"},"content":{"rendered":"<div data-elementor-type=\"wp-page\" data-elementor-id=\"3557\" class=\"elementor elementor-3557\">\n\t\t\t\t\t\t<section class=\"elementor-section elementor-top-section elementor-element elementor-element-c4ec6cf elementor-section-boxed elementor-section-height-default elementor-section-height-default\" data-id=\"c4ec6cf\" data-element_type=\"section\" data-e-type=\"section\">\n\t\t\t\t\t\t<div class=\"elementor-container elementor-column-gap-default\">\n\t\t\t\t\t<div class=\"elementor-column elementor-col-100 elementor-top-column elementor-element elementor-element-af651eb\" data-id=\"af651eb\" data-element_type=\"column\" data-e-type=\"column\">\n\t\t\t<div class=\"elementor-widget-wrap elementor-element-populated\">\n\t\t\t\t\t\t<div class=\"elementor-element elementor-element-7fee42b elementor-widget elementor-widget-image\" data-id=\"7fee42b\" data-element_type=\"widget\" data-e-type=\"widget\" data-widget_type=\"image.default\">\n\t\t\t\t<div class=\"elementor-widget-container\">\n\t\t\t\t\t\t\t\t\t\t\t\t\t\t\t<img fetchpriority=\"high\" decoding=\"async\" width=\"1024\" height=\"141\" src=\"https:\/\/ironwarriors.p.lodz.pl\/wp-content\/uploads\/2025\/06\/Obraz1-1024x141.jpg\" class=\"attachment-large size-large wp-image-3559\" alt=\"\" srcset=\"https:\/\/ironwarriors.p.lodz.pl\/wp-content\/uploads\/2025\/06\/Obraz1-1024x141.jpg 1024w, https:\/\/ironwarriors.p.lodz.pl\/wp-content\/uploads\/2025\/06\/Obraz1-300x41.jpg 300w, https:\/\/ironwarriors.p.lodz.pl\/wp-content\/uploads\/2025\/06\/Obraz1-768x106.jpg 768w, https:\/\/ironwarriors.p.lodz.pl\/wp-content\/uploads\/2025\/06\/Obraz1-18x2.jpg 18w, https:\/\/ironwarriors.p.lodz.pl\/wp-content\/uploads\/2025\/06\/Obraz1-920x127.jpg 920w, https:\/\/ironwarriors.p.lodz.pl\/wp-content\/uploads\/2025\/06\/Obraz1-230x32.jpg 230w, https:\/\/ironwarriors.p.lodz.pl\/wp-content\/uploads\/2025\/06\/Obraz1-350x48.jpg 350w, https:\/\/ironwarriors.p.lodz.pl\/wp-content\/uploads\/2025\/06\/Obraz1-480x66.jpg 480w, https:\/\/ironwarriors.p.lodz.pl\/wp-content\/uploads\/2025\/06\/Obraz1.jpg 1386w\" sizes=\"(max-width: 1024px) 100vw, 1024px\" \/>\t\t\t\t\t\t\t\t\t\t\t\t\t\t\t<\/div>\n\t\t\t\t<\/div>\n\t\t\t\t<div class=\"elementor-element elementor-element-3a9706a elementor-widget elementor-widget-heading\" data-id=\"3a9706a\" data-element_type=\"widget\" data-e-type=\"widget\" data-widget_type=\"heading.default\">\n\t\t\t\t<div class=\"elementor-widget-container\">\n\t\t\t\t\t<h2 class=\"elementor-heading-title elementor-size-default\">Nab\u00f3r do projektu \u201eNa przek\u00f3r schematom \u2013 w stron\u0119 zielonej przysz\u0142o\u015bci\u201d<\/h2>\t\t\t\t<\/div>\n\t\t\t\t<\/div>\n\t\t\t\t<div class=\"elementor-element elementor-element-ad239ca elementor-widget elementor-widget-text-editor\" data-id=\"ad239ca\" data-element_type=\"widget\" data-e-type=\"widget\" data-widget_type=\"text-editor.default\">\n\t\t\t\t<div class=\"elementor-widget-container\">\n\t\t\t\t\t\t\t\t\t<p>Og\u0142oszenie o naborze student\u00f3w\/studentek do projektu \u201eNa przek\u00f3r schematom \u2013 w stron\u0119 zielonej przysz\u0142o\u015bci\u201d planowanego do z\u0142o\u017cenia przez Politechnik\u0119 \u0141\u00f3dzk\u0105 do projektu niekonkurencyjnego og\u0142oszonego przez Ministra Nauki pt. \u201e<strong><em>Wsparcie student\u00f3w w zakresie podniesienia ich kompetencji i umiej\u0119tno\u015bci<\/em><\/strong>\u201d finansowanego w ramach Dzia\u0142ania 01.05 Umiej\u0119tno\u015bci w szkolnictwie wy\u017cszym z Programu Fundusze Europejskie dla Rozwoju Spo\u0142ecznego 2021-2027.<\/p><p>Celem projektu jest wsparcie student\u00f3w i studentek w rozwoju ich kompetencji i umiej\u0119tno\u015bci, aktywno\u015bci naukowej, innowacyjno\u015bci, kreatywno\u015bci poprzez umo\u017cliwienie im uczestnictwa <br \/>w mi\u0119dzynarodowych konkursach, zawodach, konferencjach.<\/p><p>W ramach projektu \u201eNa przek\u00f3r schematom \u2013 w stron\u0119 zielonej przysz\u0142o\u015bci\u201d planowany jest udzia\u0142 w zawodach Shell Eco-marathon 2026, Albi Eco Race 2026 i Challenge EcoGreen Energy 2026. Niezb\u0119dne do tego jest przygotowanie dw\u00f3ch superoszcz\u0119dnych bolid\u00f3w klasy prototype \u2013 elektrycznego i spalinowego. W trakcie przygotowywania pojazd\u00f3w konieczne b\u0119dzie tak\u017ce przeprowadzenie bada\u0144 naukowych, kt\u00f3re b\u0119d\u0105 podstaw\u0105 do przygotowania publikacji naukowych na konferencj\u0119 mi\u0119dzynarodow\u0105. Do realizacji projektu poszukujemy maksymalnie 25 os\u00f3b, w tym:<\/p><p><img decoding=\"async\" class=\"emoji\" role=\"img\" draggable=\"false\" src=\"https:\/\/s.w.org\/images\/core\/emoji\/13.1.0\/svg\/2699.svg\" alt=\"\u2699\" \/> <strong>Mechanik\u00f3w<\/strong> &#8211; poszukujemy os\u00f3b nieboj\u0105cych si\u0119 smaru i narz\u0119dzi mechanicznych, znaj\u0105cych dowolny program CAD do projektowania 3D, mile widziana znajomo\u015b\u0107 druku 3D, programy do analizy MES i umiej\u0119tno\u015bci manualne (obs\u0142uga podstawowych narz\u0119dzi). Docenimy osoby maj\u0105ce do\u015bwiadczenie w tym zakresie oraz nieboj\u0105ce si\u0119 nowych wyzwa\u0144.<\/p><p>Dzia\u0142 Mechaniczny b\u0119dzie projektowa\u0142 nowe cz\u0119\u015bci i uk\u0142ady mechaniczne, maj\u0105ce zbli\u017cy\u0107 zesp\u00f3\u0142 do bicia kolejnych rekord\u00f3w. Wykonywanie symulacji z zastosowaniem metody element\u00f3w sko\u0144czonych. Wykonywanie prototyp\u00f3w oraz u\u017cytkowych nowych element\u00f3w w warsztacie mechanicznym. Obs\u0142uga tokarki konwencjonalnej i frezarki CNC, og\u00f3lne prace mechaniczne przy pojazdach i w warsztacie. Bie\u017c\u0105ca i skuteczna wsp\u00f3\u0142praca z dzia\u0142em elektronik\u00f3w celem osi\u0105gni\u0119cia zak\u0142adanych cel\u00f3w.<\/p><p><img decoding=\"async\" class=\"emoji\" role=\"img\" draggable=\"false\" src=\"https:\/\/s.w.org\/images\/core\/emoji\/13.1.0\/svg\/26a1.svg\" alt=\"\u26a1\" \/> <strong>Elektronik\u00f3w<\/strong> &#8211; mile widziana znajomo\u015b\u0107 programu KiCAD do projektowania p\u0142ytek drukowanych PCB, umiej\u0119tno\u015b\u0107 obs\u0142ugi podstawowych narz\u0119dzi, aparatury diagnostycznej i pomiarowej, umiej\u0119tno\u015b\u0107 lutowania element\u00f3w SMD i THT. Docenimy osoby maj\u0105ce do\u015bwiadczenie w tym zakresie oraz nieboj\u0105ce si\u0119 nowych wyzwa\u0144.<\/p><p>Dzia\u0142 Elektroniczny b\u0119dzie zajmowa\u0142 si\u0119 projektowaniem nowych uk\u0142ad\u00f3w elektronicznych do pojazd\u00f3w, ich rozw\u00f3j i usprawnienia. Projektowanie p\u0142ytek PCB, ich wykonywanie p\u0142ytek, diagnostyka element\u00f3w elektronicznych. Dob\u00f3r podzespo\u0142\u00f3w dla pojazdu elektrycznego, projektowanie i wykonywanie system\u00f3w elektrycznych do ich zasilania. Optymalizacja sterowania silnikiem elektrycznym. Bie\u017c\u0105ca i skuteczna wsp\u00f3\u0142praca z dzia\u0142em mechanik\u00f3w celem osi\u0105gni\u0119cia zak\u0142adanych cel\u00f3w.<\/p><p><img decoding=\"async\" class=\"emoji\" role=\"img\" draggable=\"false\" src=\"https:\/\/s.w.org\/images\/core\/emoji\/13.1.0\/svg\/1f4bb.svg\" alt=\"\ud83d\udcbb\" \/> <strong>Programist\u00f3w<\/strong> &#8211; mile widziana znajomo\u015b\u0107 Python, Embeeded System, Docker i struktury mikroserwisowej.<\/p><p>Dzia\u0142 Programistyczny b\u0119dzie mia\u0142 za zadanie stworzenie i utrzymanie systemu telemetrycznego dla obu pojazd\u00f3w. Ponadto b\u0119dzie \u015bci\u015ble wsp\u00f3\u0142pracowa\u0142 z dzia\u0142em elektronicznym, nie tylko w celu powi\u0105zania system\u00f3w w poje\u017adzie z serwerami, ale tak\u017ce przy innych pracach wymagaj\u0105cych znajomo\u015bci podstaw programowania.<\/p><p><img decoding=\"async\" class=\"emoji\" role=\"img\" draggable=\"false\" src=\"https:\/\/s.w.org\/images\/core\/emoji\/13.1.0\/svg\/1f4f8.svg\" alt=\"\ud83d\udcf8\" \/> <strong>Marketingowc\u00f3w<\/strong> &#8211; nieboj\u0105cych si\u0119 kontaktu z lud\u017ami, zorganizowanych, z umiej\u0119tno\u015bci\u0105 planowania i zarz\u0105dzania lud\u017ami, fotograf\u00f3w, filmowc\u00f3w, z umiej\u0119tno\u015bci\u0105 obr\u00f3bki zdj\u0119\u0107, monta\u017cu film\u00f3w, pisarzy tekst\u00f3w na media spo\u0142eczno\u015bciowe, os\u00f3b do zarz\u0105dzania mediami spo\u0142eczno\u015bciowymi.<\/p><p>Dzia\u0142 Marketingu b\u0119dzie mia\u0142 za zadanie uwiecznianie osi\u0105gni\u0119\u0107 zespo\u0142u i ich promowanie na r\u00f3\u017cnych platformach spo\u0142eczno\u015bciowych, pozyskiwanie nowych partner\u00f3w oraz tworzenie projekt\u00f3w graficznych.<\/p><p>Je\u015bli chcesz by\u0107 cz\u0119\u015bci\u0105 tego zespo\u0142u, czekamy na Twoj\u0105 aplikacj\u0119!<\/p><p>Zapraszamy do udzia\u0142u w rekrutacji <u>osoby spe\u0142niaj\u0105ce \u0142\u0105cznie<\/u> ni\u017cej wymienione warunki:<\/p><ol><li>jeste\u015b i b\u0119dziesz w okresie realizacji projektu (do 30.09.2026) studentem\/studentk\u0105 studi\u00f3w I lub II stopnia lub jednolitych studi\u00f3w magisterskich prowadzonych na Politechnice \u0141\u00f3dzkiej;<\/li><li>posiadasz udokumentowan\u0105 znajomo\u015b\u0107 co najmniej jednego j\u0119zyka obcego na poziomie nie ni\u017cszym ni\u017c B2 (po\u015bwiadczon\u0105 w szczeg\u00f3lno\u015bci o\u015bwiadczeniem lektora o poziomie znajomo\u015bci j\u0119zyka obcego lub certyfikatem potwierdzaj\u0105cym znajomo\u015b\u0107 j\u0119zyka obcego). Konieczne za\u0142\u0105czenie dokumentu.<\/li><li>posiadasz co najmniej jedn\u0105 z umiej\u0119tno\u015bci\/uprawnie\u0144 wyszczeg\u00f3lnionych poni\u017cej:<ul><li>znajomo\u015b\u0107 dowolnego programu CAD<\/li><li>znajomo\u015b\u0107 dowolnego programu CAM<\/li><li>szkolenie z zakresu obrabiarek CNC<\/li><li>szkolenie z zakresu druku 3D<\/li><li>obs\u0142uga drukarek 3D<\/li><li>obs\u0142uga tokarek<\/li><li>obs\u0142uga frezarek<\/li><li>obs\u0142uga lasera<\/li><li>znajomo\u015b\u0107 dowolnego programu do analizy MES<\/li><li>znajomo\u015b\u0107 programu KiCAD<\/li><li>umiej\u0119tno\u015b\u0107 projektowania p\u0142ytek PCB<\/li><li>umiej\u0119tno\u015b\u0107 lutowania SMD lub THT<\/li><li>umiej\u0119tno\u015b\u0107 analizy uk\u0142ad\u00f3w elektronicznych<\/li><li>znajomo\u015b\u0107 dowolnego j\u0119zyka programowania<\/li><li>znajomo\u015b\u0107 dowolnego narz\u0119dzia informatycznego z zakresu backend, devops, frontend lub embeeded system.<\/li><li>fotografii cyfrowej<\/li><li>obr\u00f3bki zdj\u0119\u0107<\/li><li>filmowania<\/li><li>monta\u017cu film\u00f3w<\/li><li>obs\u0142ugi i zarz\u0105dzania mediami spo\u0142eczno\u015bciowymi<\/li><li>grafiki cyfrowej<\/li><\/ul><\/li><li>posiadasz pozytywn\u0105 opini\u0119 opiekuna merytorycznego lub opiekuna ko\u0142a naukowego na temat dotychczasowej aktywno\u015bci naukowej. Opinia ta powinna potwierdza\u0107, \u017ce potencja\u0142 rozwojowy i dotychczasowe do\u015bwiadczenie daj\u0105 podstawy s\u0105dzi\u0107, i\u017c posiadasz aspiracje do udzia\u0142u i wygrywania konkurs\u00f3w, zawod\u00f3w mi\u0119dzynarodowych o najwy\u017cszej randze lub zdobywania wyr\u00f3\u017cnie\u0144 na konferencjach. Konieczne za\u0142\u0105czenie dokumentu.<\/li><li>przygotujesz i za\u0142\u0105czysz swoje CV na wzorze wymaganym przez Ministerstwo Nauki i Szkolnictwa Wy\u017cszego. Wz\u00f3r dokumentu dost\u0119pny na stronie: https:\/\/www.gov.pl\/web\/nauka\/zaproszenie-ministra-nauki-i-szkolnictwa-wyzszego-do-skladania-ofert-w-projekcie-wsparcie-studentow-w-zakresie-podniesienia-ich-kompetencji-i-umiejetnosci&#8212;nabor-ii<\/li><\/ol><p><strong>KRYTERIA WYBORU UCZESTNIK\u00d3W PROJEKTU:<\/strong><\/p><ol><li>posiadanie umiej\u0119tno\u015bci\/uprawnie\u0144 wymienionych powy\u017cej,<\/li><li>nagrody i wyr\u00f3\u017cnienia studenta\/studentki w konkursach, zawodach, konferencjach o zasi\u0119gu krajowym i mi\u0119dzynarodowym w dziedzinie in\u017cynierii mechanicznej;<\/li><li>wyst\u0105pienia studenta\/studentki na konferencjach naukowych;<\/li><li>udzia\u0142 studenta\/studentki w projektach badawczych;<\/li><li>autorstwo lub wsp\u00f3\u0142autorstwo patentu lub wzoru u\u017cytkowego, zg\u0142oszenia patent\u00f3w;<\/li><li>publikacje naukowe studenta\/studentki w recenzowanych i nierecenzowanych czasopismach naukowych o zasi\u0119gu co najmniej krajowym lub publikacje naukowe w formie ksi\u0105\u017cki (autorstwo lub wsp\u00f3\u0142autorstwo);<\/li><li>inne osi\u0105gni\u0119cia studenta\/studentki (np. artystyczne, sportowe, dzia\u0142alno\u015b\u0107 spo\u0142eczna);<\/li><li>opinia opiekuna merytorycznego lub opiekuna ko\u0142a naukowego na temat dotychczasowej aktywno\u015bci studenta\/studentki.<\/li><\/ol><p>Za ka\u017cd\u0105 wykazan\u0105 umiej\u0119tno\u015b\u0107\/aktywno\u015b\u0107\/nagrod\u0119\/projekt\/publikacj\u0119 z ww. listy zostanie przyznany 1 pkt. Minimalna liczba punkt\u00f3w uprawniaj\u0105cych do udzia\u0142u w projekcie wynosi 8 pkt, przy czym do udzia\u0142u w projekcie zostanie wybranych i zg\u0142oszonych maksymalnie 25 os\u00f3b, z najwy\u017csz\u0105 liczb\u0105 punkt\u00f3w, przyznanych za spe\u0142nienie wy\u017cej wymienionych kryteri\u00f3w. <br \/>W przypadku uzyskania przez kilka os\u00f3b tej samej liczby punkt\u00f3w, pod uwag\u0119 b\u0119dzie brana dzia\u0142alno\u015b\u0107 naukowo-badawcza lub dzia\u0142alno\u015b\u0107 w ko\u0142ach naukowych lub organizacjach studenckich.<\/p><p><strong>WA\u017bNE:<\/strong><br \/>Osoby zakwalifikowane do udzia\u0142u w projekcie b\u0119d\u0105 zobligowane do przekazania informacji dotycz\u0105cych ich sytuacji po zako\u0144czeniu udzia\u0142u w projekcie, dotycz\u0105cej np. statusu na rynku pracy (do 4 tygodni od zako\u0144czenia udzia\u0142u) zgodnie z zakresem danych okre\u015blonych w \u201eWytycznych dotycz\u0105cych monitorowania post\u0119pu rzeczowego realizacji program\u00f3w na lata 2021-2027\u201d (tzw. wsp\u00f3lne wska\u017aniki rezultatu bezpo\u015bredniego).<\/p><p>TERMIN SK\u0141ADANIA APLIKACJI: <strong>11.06.2025<\/strong><\/p><p>SPOS\u00d3B SK\u0141ADANIA APLIKACJI: <a href=\"https:\/\/forms.cloud.microsoft\/e\/byge8GXfLX\">https:\/\/forms.cloud.microsoft\/e\/byge8GXfLX<\/a><\/p><p>Informacje o wynikach naboru zostan\u0105 zamieszczone na stronie internetowej uczelni.<\/p><p>Projekt b\u0119dzie realizowany w ramach Studenckiego Ko\u0142a Naukowego Mi\u0142o\u015bnik\u00f3w Motoryzacji Politechniki \u0141\u00f3dzkiej; wszystkie osoby bior\u0105ce udzia\u0142 w projekcie b\u0119d\u0105 zobowi\u0105zane do wst\u0105pienia do SKNMM P\u0141.<\/p><p>Realizacja projektu przez uczelni\u0119 i udzia\u0142 wybranych student\u00f3w\/studentek w projekcie jest uzale\u017cniony od przyznania przez Ministerstwo Nauki i Szkolnictwa Wy\u017cszego \u015brodk\u00f3w finansowych na jego realizacj\u0119 i b\u0119dzie realizowany tylko i wy\u0142\u0105cznie w przypadku podpisania umowy o dofinansowania projektu.<\/p>\t\t\t\t\t\t\t\t<\/div>\n\t\t\t\t<\/div>\n\t\t\t\t<div class=\"elementor-element elementor-element-6881606 elementor-widget elementor-widget-image\" data-id=\"6881606\" data-element_type=\"widget\" data-e-type=\"widget\" data-widget_type=\"image.default\">\n\t\t\t\t<div class=\"elementor-widget-container\">\n\t\t\t\t\t\t\t\t\t\t\t\t\t\t\t<img fetchpriority=\"high\" decoding=\"async\" width=\"1024\" height=\"141\" src=\"https:\/\/ironwarriors.p.lodz.pl\/wp-content\/uploads\/2025\/06\/Obraz1-1024x141.jpg\" class=\"attachment-large size-large wp-image-3559\" alt=\"\" srcset=\"https:\/\/ironwarriors.p.lodz.pl\/wp-content\/uploads\/2025\/06\/Obraz1-1024x141.jpg 1024w, https:\/\/ironwarriors.p.lodz.pl\/wp-content\/uploads\/2025\/06\/Obraz1-300x41.jpg 300w, https:\/\/ironwarriors.p.lodz.pl\/wp-content\/uploads\/2025\/06\/Obraz1-768x106.jpg 768w, https:\/\/ironwarriors.p.lodz.pl\/wp-content\/uploads\/2025\/06\/Obraz1-18x2.jpg 18w, https:\/\/ironwarriors.p.lodz.pl\/wp-content\/uploads\/2025\/06\/Obraz1-920x127.jpg 920w, https:\/\/ironwarriors.p.lodz.pl\/wp-content\/uploads\/2025\/06\/Obraz1-230x32.jpg 230w, https:\/\/ironwarriors.p.lodz.pl\/wp-content\/uploads\/2025\/06\/Obraz1-350x48.jpg 350w, https:\/\/ironwarriors.p.lodz.pl\/wp-content\/uploads\/2025\/06\/Obraz1-480x66.jpg 480w, https:\/\/ironwarriors.p.lodz.pl\/wp-content\/uploads\/2025\/06\/Obraz1.jpg 1386w\" sizes=\"(max-width: 1024px) 100vw, 1024px\" \/>\t\t\t\t\t\t\t\t\t\t\t\t\t\t\t<\/div>\n\t\t\t\t<\/div>\n\t\t\t\t\t<\/div>\n\t\t<\/div>\n\t\t\t\t\t<\/div>\n\t\t<\/section>\n\t\t\t\t<\/div>","protected":false},"excerpt":{"rendered":"<p>Nab\u00f3r do projektu \u201eNa przek\u00f3r schematom \u2013 w stron\u0119 zielonej przysz\u0142o\u015bci\u201d Og\u0142oszenie o naborze student\u00f3w\/studentek do projektu \u201eNa przek\u00f3r schematom \u2013 w [&hellip;]<\/p>\n","protected":false},"author":1,"featured_media":0,"parent":0,"menu_order":0,"comment_status":"closed","ping_status":"closed","template":"elementor_header_footer","meta":{"footnotes":""},"class_list":["post-3557","page","type-page","status-publish","hentry"],"_links":{"self":[{"href":"https:\/\/ironwarriors.p.lodz.pl\/english\/wp-json\/wp\/v2\/pages\/3557","targetHints":{"allow":["GET"]}}],"collection":[{"href":"https:\/\/ironwarriors.p.lodz.pl\/english\/wp-json\/wp\/v2\/pages"}],"about":[{"href":"https:\/\/ironwarriors.p.lodz.pl\/english\/wp-json\/wp\/v2\/types\/page"}],"author":[{"embeddable":true,"href":"https:\/\/ironwarriors.p.lodz.pl\/english\/wp-json\/wp\/v2\/users\/1"}],"replies":[{"embeddable":true,"href":"https:\/\/ironwarriors.p.lodz.pl\/english\/wp-json\/wp\/v2\/comments?post=3557"}],"version-history":[{"count":20,"href":"https:\/\/ironwarriors.p.lodz.pl\/english\/wp-json\/wp\/v2\/pages\/3557\/revisions"}],"predecessor-version":[{"id":3596,"href":"https:\/\/ironwarriors.p.lodz.pl\/english\/wp-json\/wp\/v2\/pages\/3557\/revisions\/3596"}],"wp:attachment":[{"href":"https:\/\/ironwarriors.p.lodz.pl\/english\/wp-json\/wp\/v2\/media?parent=3557"}],"curies":[{"name":"wp","href":"https:\/\/api.w.org\/{rel}","templated":true}]}}