{"id":3438,"date":"2024-09-21T11:28:41","date_gmt":"2024-09-21T09:28:41","guid":{"rendered":"https:\/\/ironwarriors.p.lodz.pl\/?page_id=3438"},"modified":"2024-09-21T11:31:21","modified_gmt":"2024-09-21T09:31:21","slug":"rekrutacja","status":"publish","type":"page","link":"https:\/\/ironwarriors.p.lodz.pl\/english\/rekrutacja\/","title":{"rendered":"Rekrutacja do zespo\u0142u Iron Warriors"},"content":{"rendered":"<div data-elementor-type=\"wp-page\" data-elementor-id=\"3438\" class=\"elementor elementor-3438\">\n\t\t\t\t\t\t<section class=\"elementor-section elementor-top-section elementor-element elementor-element-1925fd5 elementor-section-boxed elementor-section-height-default elementor-section-height-default\" data-id=\"1925fd5\" data-element_type=\"section\" data-e-type=\"section\">\n\t\t\t\t\t\t<div class=\"elementor-container elementor-column-gap-default\">\n\t\t\t\t\t<div class=\"elementor-column elementor-col-100 elementor-top-column elementor-element elementor-element-e8a5d19\" data-id=\"e8a5d19\" data-element_type=\"column\" data-e-type=\"column\">\n\t\t\t<div class=\"elementor-widget-wrap\">\n\t\t\t\t\t\t\t<\/div>\n\t\t<\/div>\n\t\t\t\t\t<\/div>\n\t\t<\/section>\n\t\t\t\t<\/div>","protected":false},"excerpt":{"rendered":"<p>Aby wype\u0142ni\u0107 ten formularz, w\u0142\u0105cz obs\u0142ug\u0119 JavaScript w przegl\u0105darce.Aby wype\u0142ni\u0107 ten formularz, w\u0142\u0105cz obs\u0142ug\u0119 JavaScript w przegl\u0105darce. Imi\u0119 i nazwisko * Imi\u0119Nazwisko [&hellip;]<\/p>\n","protected":false},"author":1,"featured_media":0,"parent":0,"menu_order":0,"comment_status":"closed","ping_status":"closed","template":"elementor_header_footer","meta":{"footnotes":""},"class_list":["post-3438","page","type-page","status-publish","hentry"],"_links":{"self":[{"href":"https:\/\/ironwarriors.p.lodz.pl\/english\/wp-json\/wp\/v2\/pages\/3438","targetHints":{"allow":["GET"]}}],"collection":[{"href":"https:\/\/ironwarriors.p.lodz.pl\/english\/wp-json\/wp\/v2\/pages"}],"about":[{"href":"https:\/\/ironwarriors.p.lodz.pl\/english\/wp-json\/wp\/v2\/types\/page"}],"author":[{"embeddable":true,"href":"https:\/\/ironwarriors.p.lodz.pl\/english\/wp-json\/wp\/v2\/users\/1"}],"replies":[{"embeddable":true,"href":"https:\/\/ironwarriors.p.lodz.pl\/english\/wp-json\/wp\/v2\/comments?post=3438"}],"version-history":[{"count":8,"href":"https:\/\/ironwarriors.p.lodz.pl\/english\/wp-json\/wp\/v2\/pages\/3438\/revisions"}],"predecessor-version":[{"id":3446,"href":"https:\/\/ironwarriors.p.lodz.pl\/english\/wp-json\/wp\/v2\/pages\/3438\/revisions\/3446"}],"wp:attachment":[{"href":"https:\/\/ironwarriors.p.lodz.pl\/english\/wp-json\/wp\/v2\/media?parent=3438"}],"curies":[{"name":"wp","href":"https:\/\/api.w.org\/{rel}","templated":true}]}}