{"id":3376,"date":"2024-02-11T17:17:37","date_gmt":"2024-02-11T16:17:37","guid":{"rendered":"https:\/\/ironwarriors.p.lodz.pl\/?page_id=3376"},"modified":"2024-02-13T01:13:52","modified_gmt":"2024-02-13T00:13:52","slug":"zostan-partnerem","status":"publish","type":"page","link":"https:\/\/ironwarriors.p.lodz.pl\/english\/zostan-partnerem\/","title":{"rendered":"Zosta\u0144 partnerem"},"content":{"rendered":"\t\t<div data-elementor-type=\"wp-page\" data-elementor-id=\"3376\" class=\"elementor elementor-3376\">\n\t\t\t\t\t\t<section class=\"elementor-section elementor-top-section elementor-element elementor-element-227b429 elementor-section-boxed elementor-section-height-default elementor-section-height-default\" data-id=\"227b429\" data-element_type=\"section\" data-e-type=\"section\" data-settings=\"{&quot;background_background&quot;:&quot;classic&quot;}\">\n\t\t\t\t\t\t\t<div class=\"elementor-background-overlay\"><\/div>\n\t\t\t\t\t\t\t<div class=\"elementor-container elementor-column-gap-default\">\n\t\t\t\t\t<div class=\"elementor-column elementor-col-100 elementor-top-column elementor-element elementor-element-8e73c52\" data-id=\"8e73c52\" data-element_type=\"column\" data-e-type=\"column\">\n\t\t\t<div class=\"elementor-widget-wrap elementor-element-populated\">\n\t\t\t\t\t\t<div class=\"elementor-element elementor-element-d1a9cff elementor-widget elementor-widget-heading\" data-id=\"d1a9cff\" data-element_type=\"widget\" data-e-type=\"widget\" data-widget_type=\"heading.default\">\n\t\t\t\t<div class=\"elementor-widget-container\">\n\t\t\t\t\t<h2 class=\"elementor-heading-title elementor-size-xxl\">Zosta\u0144 partnerem<\/h2>\t\t\t\t<\/div>\n\t\t\t\t<\/div>\n\t\t\t\t<div class=\"elementor-element elementor-element-2fa230c elementor-widget elementor-widget-spacer\" data-id=\"2fa230c\" data-element_type=\"widget\" data-e-type=\"widget\" data-widget_type=\"spacer.default\">\n\t\t\t\t<div class=\"elementor-widget-container\">\n\t\t\t\t\t\t\t<div class=\"elementor-spacer\">\n\t\t\t<div class=\"elementor-spacer-inner\"><\/div>\n\t\t<\/div>\n\t\t\t\t\t\t<\/div>\n\t\t\t\t<\/div>\n\t\t\t\t<div class=\"elementor-element elementor-element-d425aea elementor-widget elementor-widget-text-editor\" data-id=\"d425aea\" data-element_type=\"widget\" data-e-type=\"widget\" data-widget_type=\"text-editor.default\">\n\t\t\t\t<div class=\"elementor-widget-container\">\n\t\t\t\t\t\t\t\t\t<p style=\"text-align: justify;\">Jeste\u015b zainteresowany wsp\u00f3\u0142prac\u0105 z naszym projektem? Zapraszamy do zapoznania si\u0119 z nasz\u0105 ofert\u0105 sponsorsk\u0105 lub bezpo\u015bredniego kontaktu z naszym zespo\u0142em.<\/p>\n<p style=\"text-align: justify;\">Po wst\u0119pnym ustaleniu formy oraz po okre\u015bleniu kwoty, jak\u0105 chcesz przeznaczy\u0107 na wsparcie dla naszego zespo\u0142u, b\u0119dziemy mieli mo\u017cliwo\u015b\u0107 przedstawienia przyk\u0142adowej umowy zawieranej pomi\u0119dzy zespo\u0142em a sponsorem. Je\u015bli forma czy wysoko\u015b\u0107 wsparcia, jakie chcesz nam zaoferowa\u0107 odbiega od tych prezentowanych w ofercie sponsorskiej, prosimy o kontakt, celem om\u00f3wienia wsp\u00f3\u0142pracy.<\/p>\n<p style=\"text-align: justify;\">Widoczno\u015b\u0107 w mediach \u00ad\u2013 nie tylko tych regionalnych \u2013 jest dla nas r\u00f3wnie wa\u017cna, co pomoc finansowa. Zatem zach\u0119camy do kontaktu r\u00f3wnie\u017c w tym zakresie.<\/p>\t\t\t\t\t\t\t\t<\/div>\n\t\t\t\t<\/div>\n\t\t\t\t<div class=\"elementor-element elementor-element-73b2dae elementor-widget elementor-widget-html\" data-id=\"73b2dae\" data-element_type=\"widget\" data-e-type=\"widget\" data-widget_type=\"html.default\">\n\t\t\t\t<div class=\"elementor-widget-container\">\n\t\t\t\t\t[dflip id=\"3380\" ][\/dflip]\t\t\t\t<\/div>\n\t\t\t\t<\/div>\n\t\t\t\t<div class=\"elementor-element elementor-element-1b64d90 elementor-widget elementor-widget-spacer\" data-id=\"1b64d90\" data-element_type=\"widget\" data-e-type=\"widget\" data-widget_type=\"spacer.default\">\n\t\t\t\t<div class=\"elementor-widget-container\">\n\t\t\t\t\t\t\t<div class=\"elementor-spacer\">\n\t\t\t<div class=\"elementor-spacer-inner\"><\/div>\n\t\t<\/div>\n\t\t\t\t\t\t<\/div>\n\t\t\t\t<\/div>\n\t\t\t\t\t<\/div>\n\t\t<\/div>\n\t\t\t\t\t<\/div>\n\t\t<\/section>\n\t\t\t\t<\/div>\n\t\t","protected":false},"excerpt":{"rendered":"<p>Zosta\u0144 partnerem Jeste\u015b zainteresowany wsp\u00f3\u0142prac\u0105 z naszym projektem? Zapraszamy do zapoznania si\u0119 z nasz\u0105 ofert\u0105 sponsorsk\u0105 lub bezpo\u015bredniego kontaktu z naszym zespo\u0142em. [&hellip;]<\/p>\n","protected":false},"author":5,"featured_media":2984,"parent":0,"menu_order":0,"comment_status":"closed","ping_status":"closed","template":"page-templates\/page_front-page.php","meta":{"footnotes":""},"class_list":["post-3376","page","type-page","status-publish","has-post-thumbnail","hentry"],"_links":{"self":[{"href":"https:\/\/ironwarriors.p.lodz.pl\/english\/wp-json\/wp\/v2\/pages\/3376","targetHints":{"allow":["GET"]}}],"collection":[{"href":"https:\/\/ironwarriors.p.lodz.pl\/english\/wp-json\/wp\/v2\/pages"}],"about":[{"href":"https:\/\/ironwarriors.p.lodz.pl\/english\/wp-json\/wp\/v2\/types\/page"}],"author":[{"embeddable":true,"href":"https:\/\/ironwarriors.p.lodz.pl\/english\/wp-json\/wp\/v2\/users\/5"}],"replies":[{"embeddable":true,"href":"https:\/\/ironwarriors.p.lodz.pl\/english\/wp-json\/wp\/v2\/comments?post=3376"}],"version-history":[{"count":10,"href":"https:\/\/ironwarriors.p.lodz.pl\/english\/wp-json\/wp\/v2\/pages\/3376\/revisions"}],"predecessor-version":[{"id":3425,"href":"https:\/\/ironwarriors.p.lodz.pl\/english\/wp-json\/wp\/v2\/pages\/3376\/revisions\/3425"}],"wp:featuredmedia":[{"embeddable":true,"href":"https:\/\/ironwarriors.p.lodz.pl\/english\/wp-json\/wp\/v2\/media\/2984"}],"wp:attachment":[{"href":"https:\/\/ironwarriors.p.lodz.pl\/english\/wp-json\/wp\/v2\/media?parent=3376"}],"curies":[{"name":"wp","href":"https:\/\/api.w.org\/{rel}","templated":true}]}}