{"id":2304,"date":"2023-11-21T17:25:09","date_gmt":"2023-11-21T16:25:09","guid":{"rendered":"https:\/\/ironwarriors.p.lodz.pl\/?page_id=2304"},"modified":"2025-07-31T12:57:01","modified_gmt":"2025-07-31T10:57:01","slug":"partnerzy-2024","status":"publish","type":"page","link":"https:\/\/ironwarriors.p.lodz.pl\/english\/partnerzy-2024\/","title":{"rendered":"Partnerzy 2024"},"content":{"rendered":"<div data-elementor-type=\"wp-page\" data-elementor-id=\"2304\" class=\"elementor elementor-2304\">\n\t\t\t\t\t\t<section class=\"elementor-section elementor-top-section elementor-element elementor-element-227b429 elementor-section-boxed elementor-section-height-default elementor-section-height-default\" data-id=\"227b429\" data-element_type=\"section\" data-e-type=\"section\" data-settings=\"{&quot;background_background&quot;:&quot;classic&quot;}\">\n\t\t\t\t\t\t\t<div class=\"elementor-background-overlay\"><\/div>\n\t\t\t\t\t\t\t<div class=\"elementor-container elementor-column-gap-default\">\n\t\t\t\t\t<div class=\"elementor-column elementor-col-100 elementor-top-column elementor-element elementor-element-8e73c52\" data-id=\"8e73c52\" data-element_type=\"column\" data-e-type=\"column\">\n\t\t\t<div class=\"elementor-widget-wrap elementor-element-populated\">\n\t\t\t\t\t\t<div class=\"elementor-element elementor-element-d1a9cff elementor-widget elementor-widget-heading\" data-id=\"d1a9cff\" data-element_type=\"widget\" data-e-type=\"widget\" data-widget_type=\"heading.default\">\n\t\t\t\t<div class=\"elementor-widget-container\">\n\t\t\t\t\t<h2 class=\"elementor-heading-title elementor-size-xxl\">Partners<\/h2>\t\t\t\t<\/div>\n\t\t\t\t<\/div>\n\t\t\t\t<div class=\"elementor-element elementor-element-502ea43 elementor-widget elementor-widget-heading\" data-id=\"502ea43\" data-element_type=\"widget\" data-e-type=\"widget\" data-widget_type=\"heading.default\">\n\t\t\t\t<div class=\"elementor-widget-container\">\n\t\t\t\t\t<h2 class=\"elementor-heading-title elementor-size-medium\">2024<\/h2>\t\t\t\t<\/div>\n\t\t\t\t<\/div>\n\t\t\t\t<div class=\"elementor-element elementor-element-1056965 elementor-widget elementor-widget-ucaddon_logo_grid\" data-id=\"1056965\" data-element_type=\"widget\" data-e-type=\"widget\" data-widget_type=\"ucaddon_logo_grid.default\">\n\t\t\t\t<div class=\"elementor-widget-container\">\n\t\t\t\t\t\n<!-- start Logo Grid -->\n<style>\/* widget: Logo Grid *\/\n\n#uc_logo_grid_elementor_1056965 {\n  display: grid;\n}\n#uc_logo_grid_elementor_1056965 .ue-logo-title\n{\n  width:100%;\n  position:absolute;\n  bottom:0;\n  text-align:center;\n  left:0;\n}\n\n#uc_logo_grid_elementor_1056965 div.logo-grid-item\n{\ntext-align:center;\ndisplay:flex;\nflex-direction:column;\njustify-content:center;\nalign-items:center;\noverflow:hidden;\n  position:relative;\n  transition:0.3s;\n\n}\n\n#uc_logo_grid_elementor_1056965 div.logo-grid-item img\n{\nwidth:100%;\n  object-fit: contain;\n  display:block;\n  mix-blend-mode: normal;\n  position:absolute;\n  top:0;\n  left:0;\n  right:0;\n  bottom:0;\n  height:100%;\n  transition:0.3s;\n}\n\n\n\n#uc_logo_grid_elementor_1056965 a\n{\n  display:block;\n  position:absolute;\n  top:0;\n  left:0;\n  right:0;\n  bottom:0;\n  cursor:pointer;\n  display:flex;\njustify-content:center;\nalign-items:center;\n}\n\n<\/style>\n\n<div id=\"uc_logo_grid_elementor_1056965\" class=\"ue-logo-grid uc-items-wrapper\" >\n\t\t   <div class=\"logo-grid-item elementor-animation-float\" >\n   \n\t<a href=\"https:\/\/www.veolia.pl\/\"  target='_blank'> \n\t\n  \n    <img fetchpriority=\"high\" decoding=\"async\" src=\"https:\/\/ironwarriors.p.lodz.pl\/wp-content\/uploads\/2023\/04\/logo-veolia-768x313.png\" title=\"Veolia\"  alt=\"logo-veolia\" width=\"768\" height=\"313\">\n      \t\n      \n  <\/a>\n  \t\n<\/div>\n<div class=\"logo-grid-item elementor-animation-float\" >\n   \n\t<a href=\"http:\/\/tbp-group.pl\/\"  target='_blank'> \n\t\n  \n    <img decoding=\"async\" src=\"https:\/\/ironwarriors.p.lodz.pl\/wp-content\/uploads\/2023\/03\/logo-tbp-768x585.png\" title=\"TBP Interprojekt\"  alt=\"logo-tbp\" width=\"768\" height=\"585\">\n      \t\n      \n  <\/a>\n  \t\n<\/div>\n\n    <\/div>\n<!-- end Logo Grid -->\t\t\t\t<\/div>\n\t\t\t\t<\/div>\n\t\t\t\t<div class=\"elementor-element elementor-element-86bf4e2 elementor-widget elementor-widget-ucaddon_logo_grid\" data-id=\"86bf4e2\" data-element_type=\"widget\" data-e-type=\"widget\" data-widget_type=\"ucaddon_logo_grid.default\">\n\t\t\t\t<div class=\"elementor-widget-container\">\n\t\t\t\t\t\n<!-- start Logo Grid -->\n<style>\/* widget: Logo Grid *\/\n\n#uc_logo_grid_elementor_86bf4e2 {\n  display: grid;\n}\n#uc_logo_grid_elementor_86bf4e2 .ue-logo-title\n{\n  width:100%;\n  position:absolute;\n  bottom:0;\n  text-align:center;\n  left:0;\n}\n\n#uc_logo_grid_elementor_86bf4e2 div.logo-grid-item\n{\ntext-align:center;\ndisplay:flex;\nflex-direction:column;\njustify-content:center;\nalign-items:center;\noverflow:hidden;\n  position:relative;\n  transition:0.3s;\n\n}\n\n#uc_logo_grid_elementor_86bf4e2 div.logo-grid-item img\n{\nwidth:100%;\n  object-fit: contain;\n  display:block;\n  mix-blend-mode: normal;\n  position:absolute;\n  top:0;\n  left:0;\n  right:0;\n  bottom:0;\n  height:100%;\n  transition:0.3s;\n}\n\n\n\n#uc_logo_grid_elementor_86bf4e2 a\n{\n  display:block;\n  position:absolute;\n  top:0;\n  left:0;\n  right:0;\n  bottom:0;\n  cursor:pointer;\n  display:flex;\njustify-content:center;\nalign-items:center;\n}\n\n<\/style>\n\n<div id=\"uc_logo_grid_elementor_86bf4e2\" class=\"ue-logo-grid uc-items-wrapper\" >\n\t\t   <div class=\"logo-grid-item elementor-animation-float\" >\n   \n\t<a href=\"https:\/\/www.p.lodz.pl\/pl\"  target='_blank'> \n\t\n  \n    <img decoding=\"async\" src=\"https:\/\/ironwarriors.p.lodz.pl\/wp-content\/uploads\/2023\/03\/logo-politechnika-lodzka-768x354.png\" title=\"Lodz University of Technology\"  alt=\"logo-politechnika-lodzka\" width=\"768\" height=\"354\">\n      \t\n      \n  <\/a>\n  \t\n<\/div>\n<div class=\"logo-grid-item elementor-animation-float\" >\n   \n\t<a href=\"https:\/\/www.mechaniczny.p.lodz.pl\/\"  target='_blank'> \n\t\n  \n    <img loading=\"lazy\" decoding=\"async\" src=\"https:\/\/ironwarriors.p.lodz.pl\/wp-content\/uploads\/2023\/03\/logo-mechaniczny-nowe-768x844.png\" title=\"Wydzia\u0142 Mechaniczny\"  alt=\"logo-mechaniczny-nowe\" width=\"768\" height=\"844\">\n      \t\n      \n  <\/a>\n  \t\n<\/div>\n<div class=\"logo-grid-item elementor-animation-float\" >\n   \n\t<a href=\"http:\/\/www.imp.p.lodz.pl\/\"  target='_blank'> \n\t\n  \n    <img loading=\"lazy\" decoding=\"async\" src=\"https:\/\/ironwarriors.p.lodz.pl\/wp-content\/uploads\/2023\/04\/logo-imp-1000px-768x764.png\" title=\"Institute of Turbomachinery\"  alt=\"logo-imp-1000px\" width=\"768\" height=\"764\">\n      \t\n      \n  <\/a>\n  \t\n<\/div>\n<div class=\"logo-grid-item elementor-animation-float\" >\n   \n\t<a href=\"https:\/\/fundacja.p.lodz.pl\/\"  target='_blank'> \n\t\n  \n    <img loading=\"lazy\" decoding=\"async\" src=\"https:\/\/ironwarriors.p.lodz.pl\/wp-content\/uploads\/2023\/04\/logo-fundacja-politechniki-lodzkiej-1000px-768x191.png\" title=\"Fundacja Politechniki \u0141\u00f3dzkiej\"  alt=\"logo-fundacja-politechniki-lodzkiej-1000px\" width=\"768\" height=\"191\">\n      \t\n      \n  <\/a>\n  \t\n<\/div>\n\n    <\/div>\n<!-- end Logo Grid -->\t\t\t\t<\/div>\n\t\t\t\t<\/div>\n\t\t\t\t<div class=\"elementor-element elementor-element-3eb1ca5 elementor-widget elementor-widget-ucaddon_logo_grid\" data-id=\"3eb1ca5\" data-element_type=\"widget\" data-e-type=\"widget\" data-widget_type=\"ucaddon_logo_grid.default\">\n\t\t\t\t<div class=\"elementor-widget-container\">\n\t\t\t\t\t\n<!-- start Logo Grid -->\n<style>\/* widget: Logo Grid *\/\n\n#uc_logo_grid_elementor_3eb1ca5 {\n  display: grid;\n}\n#uc_logo_grid_elementor_3eb1ca5 .ue-logo-title\n{\n  width:100%;\n  position:absolute;\n  bottom:0;\n  text-align:center;\n  left:0;\n}\n\n#uc_logo_grid_elementor_3eb1ca5 div.logo-grid-item\n{\ntext-align:center;\ndisplay:flex;\nflex-direction:column;\njustify-content:center;\nalign-items:center;\noverflow:hidden;\n  position:relative;\n  transition:0.3s;\n\n}\n\n#uc_logo_grid_elementor_3eb1ca5 div.logo-grid-item img\n{\nwidth:100%;\n  object-fit: contain;\n  display:block;\n  mix-blend-mode: normal;\n  position:absolute;\n  top:0;\n  left:0;\n  right:0;\n  bottom:0;\n  height:100%;\n  transition:0.3s;\n}\n\n\n\n#uc_logo_grid_elementor_3eb1ca5 a\n{\n  display:block;\n  position:absolute;\n  top:0;\n  left:0;\n  right:0;\n  bottom:0;\n  cursor:pointer;\n  display:flex;\njustify-content:center;\nalign-items:center;\n}\n\n<\/style>\n\n<div id=\"uc_logo_grid_elementor_3eb1ca5\" class=\"ue-logo-grid uc-items-wrapper\" >\n\t\t   <div class=\"logo-grid-item elementor-animation-float\" >\n   \n\t<a href=\"https:\/\/mlodziwlodzi.pl\/\"  target='_blank'> \n\t\n  \n    <img loading=\"lazy\" decoding=\"async\" src=\"https:\/\/ironwarriors.p.lodz.pl\/wp-content\/uploads\/2023\/04\/logo-mlodzi-w-lodzi-1000px-768x527.png\" title=\"M\u0142odzi w \u0141odzi\"  alt=\"logo-mlodzi-w-lodzi-1000px\" width=\"768\" height=\"527\">\n      \t\n      \n  <\/a>\n  \t\n<\/div>\n<div class=\"logo-grid-item elementor-animation-float\" >\n   \n\t<a href=\"https:\/\/opus.org.pl\/\"  target='_blank'> \n\t\n  \n    <img loading=\"lazy\" decoding=\"async\" src=\"https:\/\/ironwarriors.p.lodz.pl\/wp-content\/uploads\/2023\/04\/logo-centrum-opus-1000px-768x349.png\" title=\"Centrum OPUS\"  alt=\"logo-centrum-opus-1000px\" width=\"768\" height=\"349\">\n      \t\n      \n  <\/a>\n  \t\n<\/div>\n<div class=\"logo-grid-item elementor-animation-float\" >\n   \n\t<a href=\"https:\/\/inkubatorps.pl\/\"  target='_blank'> \n\t\n  \n    <img loading=\"lazy\" decoding=\"async\" src=\"https:\/\/ironwarriors.p.lodz.pl\/wp-content\/uploads\/2024\/02\/inkubator-1.png\" title=\"Inkubator Przedsi\u0119biorczo\u015bci\"  alt=\"inkubator\" width=\"250\" height=\"250\">\n      \t\n      \n  <\/a>\n  \t\n<\/div>\n<div class=\"logo-grid-item elementor-animation-float\" >\n   \n\t<a href=\"https:\/\/uml.lodz.pl\/\"  target='_blank'> \n\t\n  \n    <img loading=\"lazy\" decoding=\"async\" src=\"https:\/\/ironwarriors.p.lodz.pl\/wp-content\/uploads\/2023\/04\/logo-lodz-kreuje-1000px-768x417.png\" title=\"Miasto \u0141\u00f3d\u017a\"  alt=\"logo-lodz-kreuje-1000px\" width=\"768\" height=\"417\">\n      \t\n      \n  <\/a>\n  \t\n<\/div>\n<div class=\"logo-grid-item elementor-animation-float\" >\n   \n\t<a href=\"https:\/\/www.igus.pl\/\"  target='_blank'> \n\t\n  \n    <img loading=\"lazy\" decoding=\"async\" src=\"https:\/\/ironwarriors.p.lodz.pl\/wp-content\/uploads\/2023\/04\/igus_Logo_Vektor_orange-768x398.png\" title=\"Igus\"  alt=\"igus_Logo_Vektor_orange\" width=\"768\" height=\"398\">\n      \t\n      \n  <\/a>\n  \t\n<\/div>\n<div class=\"logo-grid-item elementor-animation-float\" >\n   \n\t<a href=\"https:\/\/www.ebmia.pl\/\"  target='_blank'> \n\t\n  \n    <img loading=\"lazy\" decoding=\"async\" src=\"https:\/\/ironwarriors.p.lodz.pl\/wp-content\/uploads\/2023\/11\/logo-ebmia-1000px-768x253.png\" title=\"EBMIA\"  alt=\"logo-ebmia-1000px\" width=\"768\" height=\"253\">\n      \t\n      \n  <\/a>\n  \t\n<\/div>\n<div class=\"logo-grid-item elementor-animation-float\" >\n   \n\t<a href=\"https:\/\/strefadrukarek.pl\/\"  target='_blank'> \n\t\n  \n    <img loading=\"lazy\" decoding=\"async\" src=\"https:\/\/ironwarriors.p.lodz.pl\/wp-content\/uploads\/2023\/04\/logo-strefadrukarek1.png\" title=\"Strefa Drukarek\"  alt=\"logo-strefadrukarek(1)\" width=\"300\" height=\"90\">\n      \t\n      \n  <\/a>\n  \t\n<\/div>\n<div class=\"logo-grid-item elementor-animation-float\" >\n   \n\t<a href=\"https:\/\/www.gov.pl\/web\/edukacja-i-nauka\"  target='_blank'> \n\t\n  \n    <img loading=\"lazy\" decoding=\"async\" src=\"https:\/\/ironwarriors.p.lodz.pl\/wp-content\/uploads\/2023\/04\/logo-ministerstwo-edukacji-i-nauki-1000px-rgb-768x253.png\" title=\"Ministerstwo Edukacji i Nauki\"  alt=\"logo-ministerstwo-edukacji-i-nauki-1000px-rgb\" width=\"768\" height=\"253\">\n      \t\n      \n  <\/a>\n  \t\n<\/div>\n\n    <\/div>\n<!-- end Logo Grid -->\t\t\t\t<\/div>\n\t\t\t\t<\/div>\n\t\t\t\t<div class=\"elementor-element elementor-element-794f61d elementor-widget elementor-widget-ucaddon_logo_grid\" data-id=\"794f61d\" data-element_type=\"widget\" data-e-type=\"widget\" data-widget_type=\"ucaddon_logo_grid.default\">\n\t\t\t\t<div class=\"elementor-widget-container\">\n\t\t\t\t\t\n<!-- start Logo Grid -->\n<style>\/* widget: Logo Grid *\/\n\n#uc_logo_grid_elementor_794f61d {\n  display: grid;\n}\n#uc_logo_grid_elementor_794f61d .ue-logo-title\n{\n  width:100%;\n  position:absolute;\n  bottom:0;\n  text-align:center;\n  left:0;\n}\n\n#uc_logo_grid_elementor_794f61d div.logo-grid-item\n{\ntext-align:center;\ndisplay:flex;\nflex-direction:column;\njustify-content:center;\nalign-items:center;\noverflow:hidden;\n  position:relative;\n  transition:0.3s;\n\n}\n\n#uc_logo_grid_elementor_794f61d div.logo-grid-item img\n{\nwidth:100%;\n  object-fit: contain;\n  display:block;\n  mix-blend-mode: normal;\n  position:absolute;\n  top:0;\n  left:0;\n  right:0;\n  bottom:0;\n  height:100%;\n  transition:0.3s;\n}\n\n\n\n#uc_logo_grid_elementor_794f61d a\n{\n  display:block;\n  position:absolute;\n  top:0;\n  left:0;\n  right:0;\n  bottom:0;\n  cursor:pointer;\n  display:flex;\njustify-content:center;\nalign-items:center;\n}\n\n<\/style>\n\n<div id=\"uc_logo_grid_elementor_794f61d\" class=\"ue-logo-grid uc-items-wrapper\" >\n\t\t   <div class=\"logo-grid-item elementor-animation-float\" >\n   \n\t<a href=\"https:\/\/pafana.pl\/\"  target='_blank'> \n\t\n  \n    <img loading=\"lazy\" decoding=\"async\" src=\"https:\/\/ironwarriors.p.lodz.pl\/wp-content\/uploads\/2024\/05\/logo-pafana-1000px-768x232.png\" title=\"Pafana\"  alt=\"logo-pafana-1000px\" width=\"768\" height=\"232\">\n      \t\n      \n  <\/a>\n  \t\n<\/div>\n<div class=\"logo-grid-item elementor-animation-float\" >\n   \n\t<a href=\"https:\/\/tor-lodz.pl\/\"  target='_blank'> \n\t\n  \n    <img loading=\"lazy\" decoding=\"async\" src=\"https:\/\/ironwarriors.p.lodz.pl\/wp-content\/uploads\/2023\/04\/logo-tor-lodz-bez-tla-768x250.png\" title=\"Tor \u0141\u00f3d\u017a\"  alt=\"logo-tor-lodz-bez-tla\" width=\"768\" height=\"250\">\n      \t\n      \n  <\/a>\n  \t\n<\/div>\n<div class=\"logo-grid-item elementor-animation-float\" >\n   \n\t<a href=\"https:\/\/ms-group.pl\/\"  target='_blank'> \n\t\n  \n    <img loading=\"lazy\" decoding=\"async\" src=\"https:\/\/ironwarriors.p.lodz.pl\/wp-content\/uploads\/2023\/04\/logo-ms-group-poziome@3000x-768x152.png\" title=\"Mechatronic Solutions Group\"  alt=\"logo-ms-group-poziome@3000x\" width=\"768\" height=\"152\">\n      \t\n      \n  <\/a>\n  \t\n<\/div>\n<div class=\"logo-grid-item elementor-animation-float\" >\n   \n\t<a href=\"https:\/\/www.arpaprint.pl\/\"  target='_blank'> \n\t\n  \n    <img loading=\"lazy\" decoding=\"async\" src=\"https:\/\/ironwarriors.p.lodz.pl\/wp-content\/uploads\/2023\/03\/logo-arpaprint-768x365.png\" title=\"Arpaprint\"  alt=\"logo-arpaprint\" width=\"768\" height=\"365\">\n      \t\n      \n  <\/a>\n  \t\n<\/div>\n\n    <\/div>\n<!-- end Logo Grid -->\t\t\t\t<\/div>\n\t\t\t\t<\/div>\n\t\t\t\t<div class=\"elementor-element elementor-element-1b64d90 elementor-widget elementor-widget-spacer\" data-id=\"1b64d90\" data-element_type=\"widget\" data-e-type=\"widget\" data-widget_type=\"spacer.default\">\n\t\t\t\t<div class=\"elementor-widget-container\">\n\t\t\t\t\t\t\t<div class=\"elementor-spacer\">\n\t\t\t<div class=\"elementor-spacer-inner\"><\/div>\n\t\t<\/div>\n\t\t\t\t\t\t<\/div>\n\t\t\t\t<\/div>\n\t\t\t\t\t<\/div>\n\t\t<\/div>\n\t\t\t\t\t<\/div>\n\t\t<\/section>\n\t\t\t\t<\/div>","protected":false},"excerpt":{"rendered":"<p>Partnerzy 2024<\/p>","protected":false},"author":5,"featured_media":0,"parent":0,"menu_order":0,"comment_status":"closed","ping_status":"closed","template":"page-templates\/page_front-page.php","meta":{"footnotes":""},"class_list":["post-2304","page","type-page","status-publish","hentry"],"_links":{"self":[{"href":"https:\/\/ironwarriors.p.lodz.pl\/english\/wp-json\/wp\/v2\/pages\/2304","targetHints":{"allow":["GET"]}}],"collection":[{"href":"https:\/\/ironwarriors.p.lodz.pl\/english\/wp-json\/wp\/v2\/pages"}],"about":[{"href":"https:\/\/ironwarriors.p.lodz.pl\/english\/wp-json\/wp\/v2\/types\/page"}],"author":[{"embeddable":true,"href":"https:\/\/ironwarriors.p.lodz.pl\/english\/wp-json\/wp\/v2\/users\/5"}],"replies":[{"embeddable":true,"href":"https:\/\/ironwarriors.p.lodz.pl\/english\/wp-json\/wp\/v2\/comments?post=2304"}],"version-history":[{"count":44,"href":"https:\/\/ironwarriors.p.lodz.pl\/english\/wp-json\/wp\/v2\/pages\/2304\/revisions"}],"predecessor-version":[{"id":3782,"href":"https:\/\/ironwarriors.p.lodz.pl\/english\/wp-json\/wp\/v2\/pages\/2304\/revisions\/3782"}],"wp:attachment":[{"href":"https:\/\/ironwarriors.p.lodz.pl\/english\/wp-json\/wp\/v2\/media?parent=2304"}],"curies":[{"name":"wp","href":"https:\/\/api.w.org\/{rel}","templated":true}]}}