{"id":2283,"date":"2023-07-04T10:37:10","date_gmt":"2023-07-04T08:37:10","guid":{"rendered":"https:\/\/ironwarriors.p.lodz.pl\/?page_id=2283"},"modified":"2025-07-31T13:12:40","modified_gmt":"2025-07-31T11:12:40","slug":"projekty-mnisw","status":"publish","type":"page","link":"https:\/\/ironwarriors.p.lodz.pl\/english\/projekty-mnisw\/","title":{"rendered":"Projekty MNiSW"},"content":{"rendered":"<div data-elementor-type=\"wp-page\" data-elementor-id=\"2283\" class=\"elementor elementor-2283\">\n\t\t\t\t\t\t<section class=\"elementor-section elementor-top-section elementor-element elementor-element-b724992 elementor-section-boxed elementor-section-height-default elementor-section-height-default\" data-id=\"b724992\" data-element_type=\"section\" data-e-type=\"section\" data-settings=\"{&quot;background_background&quot;:&quot;classic&quot;}\">\n\t\t\t\t\t\t\t<div class=\"elementor-background-overlay\"><\/div>\n\t\t\t\t\t\t\t<div class=\"elementor-container elementor-column-gap-default\">\n\t\t\t\t\t<div class=\"elementor-column elementor-col-100 elementor-top-column elementor-element elementor-element-6047b74\" data-id=\"6047b74\" data-element_type=\"column\" data-e-type=\"column\">\n\t\t\t<div class=\"elementor-widget-wrap elementor-element-populated\">\n\t\t\t\t\t\t<div class=\"elementor-element elementor-element-6a74e77 elementor-widget elementor-widget-heading\" data-id=\"6a74e77\" data-element_type=\"widget\" data-e-type=\"widget\" data-widget_type=\"heading.default\">\n\t\t\t\t<div class=\"elementor-widget-container\">\n\t\t\t\t\t<h2 class=\"elementor-heading-title elementor-size-xxl\">Projects<\/h2>\t\t\t\t<\/div>\n\t\t\t\t<\/div>\n\t\t\t\t<section class=\"elementor-section elementor-inner-section elementor-element elementor-element-57f1fe4 elementor-section-boxed elementor-section-height-default elementor-section-height-default\" data-id=\"57f1fe4\" data-element_type=\"section\" data-e-type=\"section\">\n\t\t\t\t\t\t<div class=\"elementor-container elementor-column-gap-default\">\n\t\t\t\t\t<div class=\"elementor-column elementor-col-66 elementor-inner-column elementor-element elementor-element-6b5e6fd\" data-id=\"6b5e6fd\" data-element_type=\"column\" data-e-type=\"column\">\n\t\t\t<div class=\"elementor-widget-wrap elementor-element-populated\">\n\t\t\t\t\t\t<div class=\"elementor-element elementor-element-a96ce41 elementor-widget elementor-widget-image\" data-id=\"a96ce41\" data-element_type=\"widget\" data-e-type=\"widget\" data-widget_type=\"image.default\">\n\t\t\t\t<div class=\"elementor-widget-container\">\n\t\t\t\t\t\t\t\t\t\t\t\t\t\t\t<img decoding=\"async\" src=\"https:\/\/ironwarriors.p.lodz.pl\/wp-content\/uploads\/elementor\/thumbs\/znaki_strona_www-q8wsp3xqs0em356baxgmhsgv9uybgyrfxx5edqh4ow.png\" title=\"znaki_strona_www\" alt=\"znaki_strona_www\" loading=\"lazy\" \/>\t\t\t\t\t\t\t\t\t\t\t\t\t\t\t<\/div>\n\t\t\t\t<\/div>\n\t\t\t\t\t<\/div>\n\t\t<\/div>\n\t\t\t\t<div class=\"elementor-column elementor-col-50 elementor-inner-column elementor-element elementor-element-ca5783e\" data-id=\"ca5783e\" data-element_type=\"column\" data-e-type=\"column\">\n\t\t\t<div class=\"elementor-widget-wrap elementor-element-populated\">\n\t\t\t\t\t\t<div class=\"elementor-element elementor-element-ab597e9 elementor-widget elementor-widget-image\" data-id=\"ab597e9\" data-element_type=\"widget\" data-e-type=\"widget\" data-widget_type=\"image.default\">\n\t\t\t\t<div class=\"elementor-widget-container\">\n\t\t\t\t\t\t\t\t\t\t\t\t\t\t\t<img decoding=\"async\" src=\"https:\/\/ironwarriors.p.lodz.pl\/wp-content\/uploads\/elementor\/thumbs\/mein_studenckie_kola_naukowe_tworza_innowacje_logo-q8wspiz5tcz78wkgv3ynloo8s0w6w4f5bzl625utxc.png\" title=\"mein_studenckie_ko\u0142a_naukowe_tworz\u0105_innowacje_logo\" alt=\"mein_studenckie_ko\u0142a_naukowe_tworz\u0105_innowacje_logo\" loading=\"lazy\" \/>\t\t\t\t\t\t\t\t\t\t\t\t\t\t\t<\/div>\n\t\t\t\t<\/div>\n\t\t\t\t\t<\/div>\n\t\t<\/div>\n\t\t\t\t\t<\/div>\n\t\t<\/section>\n\t\t\t\t<section class=\"elementor-section elementor-inner-section elementor-element elementor-element-40c7675 elementor-section-boxed elementor-section-height-default elementor-section-height-default\" data-id=\"40c7675\" data-element_type=\"section\" data-e-type=\"section\">\n\t\t\t\t\t\t<div class=\"elementor-container elementor-column-gap-default\">\n\t\t\t\t\t<div class=\"elementor-column elementor-col-100 elementor-inner-column elementor-element elementor-element-d3319e3\" data-id=\"d3319e3\" data-element_type=\"column\" data-e-type=\"column\">\n\t\t\t<div class=\"elementor-widget-wrap elementor-element-populated\">\n\t\t\t\t\t\t<div class=\"elementor-element elementor-element-904c800 elementor-widget elementor-widget-text-editor\" data-id=\"904c800\" data-element_type=\"widget\" data-e-type=\"widget\" data-widget_type=\"text-editor.default\">\n\t\t\t\t<div class=\"elementor-widget-container\">\n\t\t\t\t\t\t\t\t\t<h2 style=\"text-align: center;\">Dofinansowanie<strong> ze \u015brodk\u00f3w Bud\u017cetu Pa\u0144stwa<\/strong><\/h2><table class=\"project-table\"><tbody><tr><td style=\"text-align: left;\">Program:<\/td><td style=\"text-align: left;\"><strong>Studenckie Ko\u0142a Naukowe Tworz\u0105 Innowacje<\/strong><\/td><\/tr><tr><td style=\"text-align: left;\">Nazwa zadania:<\/td><td style=\"text-align: left;\"><strong>Modernizacja systemu elektrycznego bolidu Eco Arrow 3.1 startuj\u0105cego w mi\u0119dzynarodowych zawodach Shell Eco-marathon<\/strong><\/td><\/tr><tr><td style=\"text-align: left;\">Dofinansowanie:<\/td><td style=\"text-align: left;\"><strong>64 500 z\u0142<\/strong><\/td><\/tr><tr><td style=\"text-align: left;\">Ca\u0142kowita warto\u015b\u0107:<\/td><td style=\"text-align: left;\"><strong>64 500 z\u0142<\/strong><\/td><\/tr><tr><td style=\"text-align: left;\">Data realizacji:<\/td><td style=\"text-align: left;\"><strong>2023-2024<\/strong><\/td><\/tr><\/tbody><\/table>\t\t\t\t\t\t\t\t<\/div>\n\t\t\t\t<\/div>\n\t\t\t\t<div class=\"elementor-element elementor-element-4f0765d elementor-widget elementor-widget-text-editor\" data-id=\"4f0765d\" data-element_type=\"widget\" data-e-type=\"widget\" data-widget_type=\"text-editor.default\">\n\t\t\t\t<div class=\"elementor-widget-container\">\n\t\t\t\t\t\t\t\t\t<p style=\"text-align: justify;\"><span style=\"text-align: justify;\">Realizacja projektu &#8222;Modernizacja systemu elektrycznego bolidu Eco Arrow 3.1 startuj\u0105cego w mi\u0119dzynarodowych zawodach Shell Eco-marathon&#8221; umo\u017cliwi walk\u0119 o pobicie rekordu Polski w \u201eje\u017adzie na kropelk\u0119\u201d i przekroczenie bariery 1000 km przejechanych na litrze paliwa. Pozwoli tak\u017ce na rozwini\u0119cie nowych rozwi\u0105za\u0144 technologicznych. Pierwszym z realizowanych zada\u0144 jest budowa stanowiska do lutowania element\u00f3w elektronicznych, spe\u0142niaj\u0105ca odpowiednie standardy i wymogi BHP. Stanowisko zostanie wyposa\u017cone w odpowiedni sprz\u0119t do wykonywania p\u0142ytek PCB, lutowania element\u00f3w elektronicznych, sprawdzania poprawno\u015bci wykonanych po\u0142\u0105cze\u0144 i p\u0142ytek PCB oraz w odpowiedni sprz\u0119t zabezpieczaj\u0105cy przed wy\u0142adowaniami elektrostatycznymi kt\u00f3re mog\u0142yby uszkodzi\u0107 elektronik\u0119. Stanowisko wyposa\u017cone zostanie r\u00f3wnie\u017c w poch\u0142aniacz dymu, filtr powietrza oraz odpowiednie o\u015bwietlenie zapewniaj\u0105ce odpowiednie warunki do pracy na stanowisku.<\/span><\/p>\t\t\t\t\t\t\t\t<\/div>\n\t\t\t\t<\/div>\n\t\t\t\t\t<\/div>\n\t\t<\/div>\n\t\t\t\t\t<\/div>\n\t\t<\/section>\n\t\t\t\t<div class=\"elementor-element elementor-element-bdd1f9a elementor-widget-divider--view-line elementor-widget elementor-widget-divider\" data-id=\"bdd1f9a\" data-element_type=\"widget\" data-e-type=\"widget\" data-widget_type=\"divider.default\">\n\t\t\t\t<div class=\"elementor-widget-container\">\n\t\t\t\t\t\t\t<div class=\"elementor-divider\">\n\t\t\t<span class=\"elementor-divider-separator\">\n\t\t\t\t\t\t<\/span>\n\t\t<\/div>\n\t\t\t\t\t\t<\/div>\n\t\t\t\t<\/div>\n\t\t\t\t<section class=\"elementor-section elementor-inner-section elementor-element elementor-element-6d3248c elementor-section-boxed elementor-section-height-default elementor-section-height-default\" data-id=\"6d3248c\" data-element_type=\"section\" data-e-type=\"section\">\n\t\t\t\t\t\t<div class=\"elementor-container elementor-column-gap-default\">\n\t\t\t\t\t<div class=\"elementor-column elementor-col-66 elementor-inner-column elementor-element elementor-element-3c25cd2\" data-id=\"3c25cd2\" data-element_type=\"column\" data-e-type=\"column\">\n\t\t\t<div class=\"elementor-widget-wrap elementor-element-populated\">\n\t\t\t\t\t\t<div class=\"elementor-element elementor-element-b2f791c elementor-widget elementor-widget-image\" data-id=\"b2f791c\" data-element_type=\"widget\" data-e-type=\"widget\" data-widget_type=\"image.default\">\n\t\t\t\t<div class=\"elementor-widget-container\">\n\t\t\t\t\t\t\t\t\t\t\t\t\t\t\t<img decoding=\"async\" src=\"https:\/\/ironwarriors.p.lodz.pl\/wp-content\/uploads\/elementor\/thumbs\/znaki_strona_www-q8wsp3xqs0em356baxgmhsgv9uybgyrfxx5edqh4ow.png\" title=\"znaki_strona_www\" alt=\"znaki_strona_www\" loading=\"lazy\" \/>\t\t\t\t\t\t\t\t\t\t\t\t\t\t\t<\/div>\n\t\t\t\t<\/div>\n\t\t\t\t\t<\/div>\n\t\t<\/div>\n\t\t\t\t<div class=\"elementor-column elementor-col-50 elementor-inner-column elementor-element elementor-element-6dd8ebc\" data-id=\"6dd8ebc\" data-element_type=\"column\" data-e-type=\"column\">\n\t\t\t<div class=\"elementor-widget-wrap elementor-element-populated\">\n\t\t\t\t\t\t<div class=\"elementor-element elementor-element-66d2e77 elementor-widget elementor-widget-image\" data-id=\"66d2e77\" data-element_type=\"widget\" data-e-type=\"widget\" data-widget_type=\"image.default\">\n\t\t\t\t<div class=\"elementor-widget-container\">\n\t\t\t\t\t\t\t\t\t\t\t\t\t\t\t<img decoding=\"async\" src=\"https:\/\/ironwarriors.p.lodz.pl\/wp-content\/uploads\/elementor\/thumbs\/mein_studenckie_kola_naukowe_tworza_innowacje_logo-q8wspiz5tcz78wkgv3ynloo8s0w6w4f5bzl625utxc.png\" title=\"mein_studenckie_ko\u0142a_naukowe_tworz\u0105_innowacje_logo\" alt=\"mein_studenckie_ko\u0142a_naukowe_tworz\u0105_innowacje_logo\" loading=\"lazy\" \/>\t\t\t\t\t\t\t\t\t\t\t\t\t\t\t<\/div>\n\t\t\t\t<\/div>\n\t\t\t\t\t<\/div>\n\t\t<\/div>\n\t\t\t\t\t<\/div>\n\t\t<\/section>\n\t\t\t\t<section class=\"elementor-section elementor-inner-section elementor-element elementor-element-c663104 elementor-section-boxed elementor-section-height-default elementor-section-height-default\" data-id=\"c663104\" data-element_type=\"section\" data-e-type=\"section\">\n\t\t\t\t\t\t<div class=\"elementor-container elementor-column-gap-default\">\n\t\t\t\t\t<div class=\"elementor-column elementor-col-100 elementor-inner-column elementor-element elementor-element-597fe1b\" data-id=\"597fe1b\" data-element_type=\"column\" data-e-type=\"column\">\n\t\t\t<div class=\"elementor-widget-wrap elementor-element-populated\">\n\t\t\t\t\t\t<div class=\"elementor-element elementor-element-4abbc8a elementor-widget elementor-widget-text-editor\" data-id=\"4abbc8a\" data-element_type=\"widget\" data-e-type=\"widget\" data-widget_type=\"text-editor.default\">\n\t\t\t\t<div class=\"elementor-widget-container\">\n\t\t\t\t\t\t\t\t\t<h2 style=\"text-align: center;\">Dofinansowanie<strong> ze \u015brodk\u00f3w Bud\u017cetu Pa\u0144stwa<\/strong><\/h2><table class=\"project-table\"><tbody><tr><td style=\"text-align: left;\">Program:<\/td><td style=\"text-align: left;\"><strong>Studenckie Ko\u0142a Naukowe Tworz\u0105 Innowacje<\/strong><\/td><\/tr><tr><td style=\"text-align: left;\">Nazwa zadania:<\/td><td style=\"text-align: left;\"><strong>Budowa hamowni silnikowej oraz badania nad zwi\u0119kszeniem sprawno\u015bci silnika bolidu Eco Arrow 3.1<\/strong><\/td><\/tr><tr><td style=\"text-align: left;\">Dofinansowanie:<\/td><td style=\"text-align: left;\"><strong>59 445 z\u0142<\/strong><\/td><\/tr><tr><td style=\"text-align: left;\">Ca\u0142kowita warto\u015b\u0107:<\/td><td style=\"text-align: left;\"><strong>59 445 z\u0142<\/strong><\/td><\/tr><tr><td style=\"text-align: left;\">Data realizacji:<\/td><td style=\"text-align: left;\"><strong>2022-2023<\/strong><\/td><\/tr><\/tbody><\/table><p>\u00a0<\/p>\t\t\t\t\t\t\t\t<\/div>\n\t\t\t\t<\/div>\n\t\t\t\t<div class=\"elementor-element elementor-element-a7e5e77 elementor-widget elementor-widget-text-editor\" data-id=\"a7e5e77\" data-element_type=\"widget\" data-e-type=\"widget\" data-widget_type=\"text-editor.default\">\n\t\t\t\t<div class=\"elementor-widget-container\">\n\t\t\t\t\t\t\t\t\t<p style=\"text-align: justify;\">Realizacja projektu \u201eBudowa hamowni silnikowej oraz badania nad zwi\u0119kszeniem sprawno\u015bci silnika bolidu Eco Arrow 3.1\u201d umo\u017cliwi walk\u0119 o pobicie rekordu Polski w \u201eje\u017adzie na kropelk\u0119\u201d i przekroczenie bariery 1000 km przejechanych na litrze paliwa. Pozwoli tak\u017ce na rozwini\u0119cie nowych rozwi\u0105za\u0144 technologicznych oraz na prowadzenie bada\u0144 naukowych w kierunku rozwoju i modernizacji jednostki nap\u0119dowej bolidu Eco Arrow 3.1. Prze\u0142o\u017cy si\u0119 to bezpo\u015brednio na mo\u017cliwo\u015b\u0107 podniesienia kompetencji cz\u0142onk\u00f3w Ko\u0142a Naukowego, uczestnicz\u0105cych aktywnie w realizacji projektu badawczego. W ko\u0144cowym efekcie prze\u0142o\u017cy si\u0119 to na opracowanie publikacji naukowej, kt\u00f3ra b\u0119dzie mog\u0142a zosta\u0107 zaprezentowana na krajowych lub mi\u0119dzynarodowych targach lub konferencjach.<\/p>\t\t\t\t\t\t\t\t<\/div>\n\t\t\t\t<\/div>\n\t\t\t\t\t<\/div>\n\t\t<\/div>\n\t\t\t\t\t<\/div>\n\t\t<\/section>\n\t\t\t\t\t<\/div>\n\t\t<\/div>\n\t\t\t\t\t<\/div>\n\t\t<\/section>\n\t\t\t\t<\/div>","protected":false},"excerpt":{"rendered":"<p>Projekty Dofinansowanie ze \u015brodk\u00f3w Bud\u017cetu Pa\u0144stwa Program: Studenckie Ko\u0142a Naukowe Tworz\u0105 Innowacje Nazwa zadania: Modernizacja systemu elektrycznego bolidu Eco Arrow 3.1 startuj\u0105cego [&hellip;]<\/p>\n","protected":false},"author":5,"featured_media":0,"parent":0,"menu_order":0,"comment_status":"closed","ping_status":"closed","template":"elementor_header_footer","meta":{"footnotes":""},"class_list":["post-2283","page","type-page","status-publish","hentry"],"_links":{"self":[{"href":"https:\/\/ironwarriors.p.lodz.pl\/english\/wp-json\/wp\/v2\/pages\/2283","targetHints":{"allow":["GET"]}}],"collection":[{"href":"https:\/\/ironwarriors.p.lodz.pl\/english\/wp-json\/wp\/v2\/pages"}],"about":[{"href":"https:\/\/ironwarriors.p.lodz.pl\/english\/wp-json\/wp\/v2\/types\/page"}],"author":[{"embeddable":true,"href":"https:\/\/ironwarriors.p.lodz.pl\/english\/wp-json\/wp\/v2\/users\/5"}],"replies":[{"embeddable":true,"href":"https:\/\/ironwarriors.p.lodz.pl\/english\/wp-json\/wp\/v2\/comments?post=2283"}],"version-history":[{"count":47,"href":"https:\/\/ironwarriors.p.lodz.pl\/english\/wp-json\/wp\/v2\/pages\/2283\/revisions"}],"predecessor-version":[{"id":3795,"href":"https:\/\/ironwarriors.p.lodz.pl\/english\/wp-json\/wp\/v2\/pages\/2283\/revisions\/3795"}],"wp:attachment":[{"href":"https:\/\/ironwarriors.p.lodz.pl\/english\/wp-json\/wp\/v2\/media?parent=2283"}],"curies":[{"name":"wp","href":"https:\/\/api.w.org\/{rel}","templated":true}]}}