{"id":1050,"date":"2020-08-26T06:04:18","date_gmt":"2020-08-26T04:04:18","guid":{"rendered":"http:\/\/localhost\/?page_id=1050"},"modified":"2026-04-25T07:53:55","modified_gmt":"2026-04-25T05:53:55","slug":"kontakt","status":"publish","type":"page","link":"https:\/\/ironwarriors.p.lodz.pl\/english\/kontakt\/","title":{"rendered":"Contact"},"content":{"rendered":"<div data-elementor-type=\"wp-page\" data-elementor-id=\"1050\" class=\"elementor elementor-1050\">\n\t\t\t\t\t\t<section class=\"elementor-section elementor-top-section elementor-element elementor-element-25ba1ac elementor-section-boxed elementor-section-height-default elementor-section-height-default\" data-id=\"25ba1ac\" data-element_type=\"section\" data-e-type=\"section\" data-settings=\"{&quot;background_background&quot;:&quot;classic&quot;}\">\n\t\t\t\t\t\t\t<div class=\"elementor-background-overlay\"><\/div>\n\t\t\t\t\t\t\t<div class=\"elementor-container elementor-column-gap-default\">\n\t\t\t\t\t<div class=\"elementor-column elementor-col-100 elementor-top-column elementor-element elementor-element-0ae437a\" data-id=\"0ae437a\" data-element_type=\"column\" data-e-type=\"column\">\n\t\t\t<div class=\"elementor-widget-wrap elementor-element-populated\">\n\t\t\t\t\t\t<div class=\"elementor-element elementor-element-038e1b3 elementor-widget elementor-widget-heading\" data-id=\"038e1b3\" data-element_type=\"widget\" data-e-type=\"widget\" data-widget_type=\"heading.default\">\n\t\t\t\t<div class=\"elementor-widget-container\">\n\t\t\t\t\t<h2 class=\"elementor-heading-title elementor-size-xxl\">Contact<\/h2>\t\t\t\t<\/div>\n\t\t\t\t<\/div>\n\t\t\t\t<section class=\"elementor-section elementor-inner-section elementor-element elementor-element-b759106 elementor-section-full_width elementor-section-content-middle elementor-section-height-default elementor-section-height-default\" data-id=\"b759106\" data-element_type=\"section\" data-e-type=\"section\">\n\t\t\t\t\t\t<div class=\"elementor-container elementor-column-gap-default\">\n\t\t\t\t\t<div class=\"elementor-column elementor-col-50 elementor-inner-column elementor-element elementor-element-92ff0e5\" data-id=\"92ff0e5\" data-element_type=\"column\" data-e-type=\"column\">\n\t\t\t<div class=\"elementor-widget-wrap elementor-element-populated\">\n\t\t\t\t\t\t<div class=\"elementor-element elementor-element-459e0c0 elementor-position-top elementor-widget elementor-widget-image-box\" data-id=\"459e0c0\" data-element_type=\"widget\" data-e-type=\"widget\" data-widget_type=\"image-box.default\">\n\t\t\t\t<div class=\"elementor-widget-container\">\n\t\t\t\t\t<div class=\"elementor-image-box-wrapper\"><figure class=\"elementor-image-box-img\"><img fetchpriority=\"high\" decoding=\"async\" width=\"600\" height=\"600\" src=\"https:\/\/ironwarriors.p.lodz.pl\/wp-content\/uploads\/2023\/11\/Wozniak-Aleksandra.jpg\" class=\"attachment-full size-full wp-image-2803\" alt=\"\" srcset=\"https:\/\/ironwarriors.p.lodz.pl\/wp-content\/uploads\/2023\/11\/Wozniak-Aleksandra.jpg 600w, https:\/\/ironwarriors.p.lodz.pl\/wp-content\/uploads\/2023\/11\/Wozniak-Aleksandra-300x300.jpg 300w, https:\/\/ironwarriors.p.lodz.pl\/wp-content\/uploads\/2023\/11\/Wozniak-Aleksandra-150x150.jpg 150w, https:\/\/ironwarriors.p.lodz.pl\/wp-content\/uploads\/2023\/11\/Wozniak-Aleksandra-12x12.jpg 12w, https:\/\/ironwarriors.p.lodz.pl\/wp-content\/uploads\/2023\/11\/Wozniak-Aleksandra-230x230.jpg 230w, https:\/\/ironwarriors.p.lodz.pl\/wp-content\/uploads\/2023\/11\/Wozniak-Aleksandra-350x350.jpg 350w, https:\/\/ironwarriors.p.lodz.pl\/wp-content\/uploads\/2023\/11\/Wozniak-Aleksandra-480x480.jpg 480w\" sizes=\"(max-width: 600px) 100vw, 600px\" \/><\/figure><div class=\"elementor-image-box-content\"><h3 class=\"elementor-image-box-title\">Aleksandra Wo\u017aniak<\/h3><p class=\"elementor-image-box-description\">Koordynator Dzia\u0142u Marketingu<\/p><\/div><\/div>\t\t\t\t<\/div>\n\t\t\t\t<\/div>\n\t\t\t\t<div class=\"elementor-element elementor-element-c52be2a elementor-widget elementor-widget-text-editor\" data-id=\"c52be2a\" data-element_type=\"widget\" data-e-type=\"widget\" data-widget_type=\"text-editor.default\">\n\t\t\t\t<div class=\"elementor-widget-container\">\n\t\t\t\t\t\t\t\t\t<p style=\"text-align: center;\"><span style=\"color: #000;\"><a class=\"contact-link\" href=\"mailto:kontakt.ironwarriors@info.p.lodz.pl\">kontakt.ironwarriors@info.p.lodz.pl<\/a><\/span><\/p>\t\t\t\t\t\t\t\t<\/div>\n\t\t\t\t<\/div>\n\t\t\t\t\t<\/div>\n\t\t<\/div>\n\t\t\t\t<div class=\"elementor-column elementor-col-50 elementor-inner-column elementor-element elementor-element-0cb10ab\" data-id=\"0cb10ab\" data-element_type=\"column\" data-e-type=\"column\">\n\t\t\t<div class=\"elementor-widget-wrap elementor-element-populated\">\n\t\t\t\t\t\t<div class=\"elementor-element elementor-element-41cc273 elementor-widget elementor-widget-google_maps\" data-id=\"41cc273\" data-element_type=\"widget\" data-e-type=\"widget\" data-widget_type=\"google_maps.default\">\n\t\t\t\t<div class=\"elementor-widget-container\">\n\t\t\t\t\t\t\t<div class=\"elementor-custom-embed\">\n\t\t\t<iframe loading=\"lazy\"\n\t\t\t\t\tsrc=\"https:\/\/maps.google.com\/maps?q=%C5%81%C3%B3d%C5%BA%20Iron%20Warriors&#038;t=m&#038;z=15&#038;output=embed&#038;iwloc=near\"\n\t\t\t\t\ttitle=\"\u0141\u00f3d\u017a Iron Warriors\"\n\t\t\t\t\taria-label=\"\u0141\u00f3d\u017a Iron Warriors\"\n\t\t\t><\/iframe>\n\t\t<\/div>\n\t\t\t\t\t\t<\/div>\n\t\t\t\t<\/div>\n\t\t\t\t\t<\/div>\n\t\t<\/div>\n\t\t\t\t\t<\/div>\n\t\t<\/section>\n\t\t\t\t<div class=\"elementor-element elementor-element-f34cb00 elementor-widget elementor-widget-text-editor\" data-id=\"f34cb00\" data-element_type=\"widget\" data-e-type=\"widget\" data-widget_type=\"text-editor.default\">\n\t\t\t\t<div class=\"elementor-widget-container\">\n\t\t\t\t\t\t\t\t\t<p style=\"text-align: center;\"><span style=\"color: #000;\">Jeste\u015b zainteresowany wsp\u00f3\u0142prac\u0105 z naszym projektem? Zapraszamy do przejrzenia naszej oferty sponsorskiej lub bezpo\u015bredniego kontaktu z naszym zespo\u0142em.<\/span><\/p>\t\t\t\t\t\t\t\t<\/div>\n\t\t\t\t<\/div>\n\t\t\t\t<div class=\"elementor-element elementor-element-cff7601 elementor-button-success elementor-align-center elementor-widget elementor-widget-button\" data-id=\"cff7601\" data-element_type=\"widget\" data-e-type=\"widget\" data-widget_type=\"button.default\">\n\t\t\t\t<div class=\"elementor-widget-container\">\n\t\t\t\t\t\t\t\t\t<div class=\"elementor-button-wrapper\">\n\t\t\t\t\t<a class=\"elementor-button elementor-button-link elementor-size-lg\" href=\"https:\/\/ironwarriors.p.lodz.pl\/wp-content\/uploads\/2023\/04\/oferta-wspolpracy-2023.pdf\" target=\"_blank\" rel=\"nofollow\">\n\t\t\t\t\t\t<span class=\"elementor-button-content-wrapper\">\n\t\t\t\t\t\t<span class=\"elementor-button-icon\">\n\t\t\t\t<i aria-hidden=\"true\" class=\"far fa-file-pdf\"><\/i>\t\t\t<\/span>\n\t\t\t\t\t\t\t\t\t<span class=\"elementor-button-text\">Oferta sponsorska<\/span>\n\t\t\t\t\t<\/span>\n\t\t\t\t\t<\/a>\n\t\t\t\t<\/div>\n\t\t\t\t\t\t\t\t<\/div>\n\t\t\t\t<\/div>\n\t\t\t\t\t<\/div>\n\t\t<\/div>\n\t\t\t\t\t<\/div>\n\t\t<\/section>\n\t\t\t\t<\/div>","protected":false},"excerpt":{"rendered":"<p>Kontakt Aleksandra Wo\u017aniak Koordynator Dzia\u0142u Marketingu kontakt.ironwarriors@info.p.lodz.pl Jeste\u015b zainteresowany wsp\u00f3\u0142prac\u0105 z naszym projektem? Zapraszamy do przejrzenia naszej oferty sponsorskiej lub bezpo\u015bredniego kontaktu [&hellip;]<\/p>\n","protected":false},"author":1,"featured_media":0,"parent":0,"menu_order":0,"comment_status":"closed","ping_status":"closed","template":"elementor_header_footer","meta":{"footnotes":""},"class_list":["post-1050","page","type-page","status-publish","hentry"],"_links":{"self":[{"href":"https:\/\/ironwarriors.p.lodz.pl\/english\/wp-json\/wp\/v2\/pages\/1050","targetHints":{"allow":["GET"]}}],"collection":[{"href":"https:\/\/ironwarriors.p.lodz.pl\/english\/wp-json\/wp\/v2\/pages"}],"about":[{"href":"https:\/\/ironwarriors.p.lodz.pl\/english\/wp-json\/wp\/v2\/types\/page"}],"author":[{"embeddable":true,"href":"https:\/\/ironwarriors.p.lodz.pl\/english\/wp-json\/wp\/v2\/users\/1"}],"replies":[{"embeddable":true,"href":"https:\/\/ironwarriors.p.lodz.pl\/english\/wp-json\/wp\/v2\/comments?post=1050"}],"version-history":[{"count":121,"href":"https:\/\/ironwarriors.p.lodz.pl\/english\/wp-json\/wp\/v2\/pages\/1050\/revisions"}],"predecessor-version":[{"id":3838,"href":"https:\/\/ironwarriors.p.lodz.pl\/english\/wp-json\/wp\/v2\/pages\/1050\/revisions\/3838"}],"wp:attachment":[{"href":"https:\/\/ironwarriors.p.lodz.pl\/english\/wp-json\/wp\/v2\/media?parent=1050"}],"curies":[{"name":"wp","href":"https:\/\/api.w.org\/{rel}","templated":true}]}}